{"id":1069,"date":"2022-04-26T15:30:29","date_gmt":"2022-04-26T13:30:29","guid":{"rendered":"https:\/\/www.scriba-schreiber.de\/?page_id=1069"},"modified":"2023-09-05T09:27:55","modified_gmt":"2023-09-05T07:27:55","slug":"familientag-2022","status":"publish","type":"page","link":"https:\/\/www.scriba-schreiber.de\/?page_id=1069","title":{"rendered":"Familientag am 04. und 05. Mai 2024 auf der Halbinsel Scheid am Edersee"},"content":{"rendered":"\n<p>Die Familientag-Pauschale (Erwachsene 69\u20ac, Kinder 9-17 Jahre 39\u20ac, Kinder bis 8 Jahre kostenlos) beinhaltet SAMSTAG: F\u00fchrung\/Bootsfahrt, Imbiss am Morgen, Mittag, Nachmittagskaffee, Abendessen\/Buffet.<\/p>\n\n\n<div class=\"frm_forms  with_frm_style frm_style_formidable-style\" id=\"frm_form_2_container\" data-token=\"76e861c5c4c71e3e2d8f11871d3941b5\">\n<form enctype=\"multipart\/form-data\" method=\"post\" class=\"frm-show-form \" id=\"form_anmeldungzumfamilientag2022\" data-token=\"76e861c5c4c71e3e2d8f11871d3941b5\">\n<div class=\"frm_form_fields \">\n<fieldset>\n<legend class=\"frm_screen_reader\">Anmeldung zum Familientag 2022<\/legend>\n\n<div class=\"frm_fields_container\">\n<input type=\"hidden\" name=\"frm_action\" value=\"create\" \/>\n<input type=\"hidden\" name=\"form_id\" value=\"2\" \/>\n<input type=\"hidden\" name=\"frm_hide_fields_2\" id=\"frm_hide_fields_2\" value=\"\" \/>\n<input type=\"hidden\" name=\"form_key\" value=\"anmeldungzumfamilientag2022\" \/>\n<input type=\"hidden\" name=\"item_meta[0]\" value=\"\" \/>\n<input type=\"hidden\" id=\"frm_submit_entry_2\" name=\"frm_submit_entry_2\" value=\"c7eb851cb1\" \/><input type=\"hidden\" name=\"_wp_http_referer\" value=\"\/index.php?rest_route=%2Fwp%2Fv2%2Fpages%2F1069\" \/><div id=\"frm_field_6_container\" class=\"frm_form_field form-field  frm_required_field frm_top_container\">\n    <label for=\"field_somfh\" id=\"field_somfh_label\" class=\"frm_primary_label\">Name(n)\n        <span class=\"frm_required\" aria-hidden=\"true\">*<\/span>\n    <\/label>\n    <input type=\"text\" id=\"field_somfh\" name=\"item_meta[6]\" value=\"\"  data-reqmsg=\"Name(n) kann nicht leer sein.\" aria-required=\"true\" data-invmsg=\"Text ist ung\u00fcltig\" aria-invalid=\"false\"  \/>\n    \n    \n<\/div>\n<div id=\"frm_field_9_container\" class=\"frm_form_field form-field  frm_top_container\">\n    <label for=\"field_p0i6h\" id=\"field_p0i6h_label\" class=\"frm_primary_label\">Stra\u00dfe und Hausnummer:\n        <span class=\"frm_required\" aria-hidden=\"true\"><\/span>\n    <\/label>\n    <input type=\"text\" id=\"field_p0i6h\" name=\"item_meta[9]\" value=\"\"  data-invmsg=\"Text ist ung\u00fcltig\" aria-invalid=\"false\"  \/>\n    \n    \n<\/div>\n<div id=\"frm_field_10_container\" class=\"frm_form_field form-field  frm_top_container\">\n    <label for=\"field_bwdk6\" id=\"field_bwdk6_label\" class=\"frm_primary_label\">PLZ, Ort\n        <span class=\"frm_required\" aria-hidden=\"true\"><\/span>\n    <\/label>\n    <input type=\"text\" id=\"field_bwdk6\" name=\"item_meta[10]\" value=\"\"  data-invmsg=\"Text ist ung\u00fcltig\" aria-invalid=\"false\"  \/>\n    \n    \n<\/div>\n<div id=\"frm_field_11_container\" class=\"frm_form_field form-field  frm_top_container\">\n    <label for=\"field_33h7l\" id=\"field_33h7l_label\" class=\"frm_primary_label\">Telefon\n        <span class=\"frm_required\" aria-hidden=\"true\"><\/span>\n    <\/label>\n    <input type=\"tel\" id=\"field_33h7l\" name=\"item_meta[11]\" value=\"\"  data-invmsg=\"Telefon ist ung\u00fcltig\" aria-invalid=\"false\" pattern=\"((\\+\\d{1,3}(-|.| )?\\(?\\d\\)?(-| |.)?\\d{1,5})|(\\(?\\d{2,6}\\)?))(-|.| )?(\\d{3,4})(-|.| )?(\\d{4})(( x| ext)\\d{1,5}){0,1}$\"  \/>\n    \n    \n<\/div>\n<div id=\"frm_field_8_container\" class=\"frm_form_field form-field  frm_required_field frm_top_container\">\n    <label for=\"field_krhq0\" id=\"field_krhq0_label\" class=\"frm_primary_label\">E-Mail\n        <span class=\"frm_required\" aria-hidden=\"true\">*<\/span>\n    <\/label>\n    <input type=\"email\" id=\"field_krhq0\" name=\"item_meta[8]\" value=\"\"  data-reqmsg=\"E-Mail kann nicht leer sein.\" aria-required=\"true\" data-invmsg=\"E-Mail ist ung\u00fcltig\" aria-invalid=\"false\"  \/>\n    \n    \n<\/div>\n<div id=\"frm_field_12_container\" class=\"frm_form_field form-field  frm_top_container\">\n    <label for=\"field_g6fri\" id=\"field_g6fri_label\" class=\"frm_primary_label\">Wir nehmen am informellen Abendessen am Anreisetag (Freitag 03.05.2024) teil. (Nicht in der Pauschale enthalten)\n        <span class=\"frm_required\" aria-hidden=\"true\"><\/span>\n    <\/label>\n    \t\t<select name=\"item_meta[12]\" id=\"field_g6fri\"  data-invmsg=\"Wir nehmen am informellen Abendessen am Anreisetag (Freitag 03.05.2024) teil. (Nicht in der Pauschale enthalten) ist ung\u00fcltig\" class=\"auto_width\" aria-invalid=\"false\"  >\n\t\t<option  value=\"nein\">nein<\/option><option  value=\"ja\">ja<\/option>\t<\/select>\n\t\n    \n    \n<\/div>\n<div id=\"frm_field_13_container\" class=\"frm_form_field form-field  frm_top_container vertical_radio\">\n    <div  id=\"field_w92lg_label\" class=\"frm_primary_label\">Interessen am Samstag\n        <span class=\"frm_required\" aria-hidden=\"true\"><\/span>\n    <\/div>\n    <div class=\"frm_opt_container\" aria-labelledby=\"field_w92lg_label\" role=\"radiogroup\">\t\t<div class=\"frm_radio\" id=\"frm_radio_13-0\">\t\t\t<label  for=\"field_w92lg-0\">\n\t\t\t\t\t<input type=\"radio\" name=\"item_meta[13]\" id=\"field_w92lg-0\" value=\"Fahrt nach Korbach mit Besichtigung des Museums \/ Altstadt\"\n\t\t data-frmval=\"kein Programm\" data-invmsg=\"Interessen am Samstag ist ung\u00fcltig\"   \/> Fahrt nach Korbach mit Besichtigung des Museums \/ Altstadt<\/label><\/div>\n\t\t<div class=\"frm_radio\" id=\"frm_radio_13-1\">\t\t\t<label  for=\"field_w92lg-1\">\n\t\t\t\t\t<input type=\"radio\" name=\"item_meta[13]\" id=\"field_w92lg-1\" value=\"Fahrt mit der Ederseef\u00e4hre\"\n\t\t data-frmval=\"kein Programm\" data-invmsg=\"Interessen am Samstag ist ung\u00fcltig\"   \/> Fahrt mit der Ederseef\u00e4hre<\/label><\/div>\n\t\t<div class=\"frm_radio\" id=\"frm_radio_13-2\">\t\t\t<label  for=\"field_w92lg-2\">\n\t\t\t\t\t<input type=\"radio\" name=\"item_meta[13]\" id=\"field_w92lg-2\" value=\"kein Programm\"\n\t\t data-frmval=\"kein Programm\" data-invmsg=\"Interessen am Samstag ist ung\u00fcltig\"  checked=\"checked\" \/> kein Programm<\/label><\/div>\n<\/div>\n    \n    \n<\/div>\n<div id=\"frm_field_15_container\" class=\"frm_form_field form-field  frm_top_container\">\n    <label for=\"field_ee653\" id=\"field_ee653_label\" class=\"frm_primary_label\">Wir nehmen am Gottesdienst am Sonntagmorgen teil\n        <span class=\"frm_required\" aria-hidden=\"true\"><\/span>\n    <\/label>\n    \t\t<select name=\"item_meta[15]\" id=\"field_ee653\"  data-invmsg=\"Wir nehmen am Gottesdienst am Sonntagmorgen teil ist ung\u00fcltig\" class=\"auto_width\" aria-invalid=\"false\"  >\n\t\t<option  value=\"ja\">ja<\/option><option  value=\"nein\">nein<\/option>\t<\/select>\n\t\n    \n    \n<\/div>\n<div id=\"frm_field_16_container\" class=\"frm_form_field form-field  frm_top_container\">\n    <label for=\"field_7uy7x\" id=\"field_7uy7x_label\" class=\"frm_primary_label\">Interesse am Nachprogramm am Sonntag (nach dem gemeinsamen Gottesdienst) wenn ja: weitere Besichtigungen, z.B. F\u00fchrung Insel Scheid oder F\u00fchrung Staumauer\n        <span class=\"frm_required\" aria-hidden=\"true\"><\/span>\n    <\/label>\n    \t\t<select name=\"item_meta[16]\" id=\"field_7uy7x\"  data-invmsg=\"Interesse am Nachprogramm am Sonntag (nach dem gemeinsamen Gottesdienst) wenn ja: weitere Besichtigungen, z.B. F\u00fchrung Insel Scheid oder F\u00fchrung Staumauer ist ung\u00fcltig\" class=\"auto_width\" aria-invalid=\"false\"  >\n\t\t<option  value=\"ja\">ja<\/option><option  value=\"nein\">nein<\/option>\t<\/select>\n\t\n    \n    \n<\/div>\n<div id=\"frm_field_17_container\" class=\"frm_form_field form-field  frm_top_container\">\n    <label for=\"field_3sys1\" id=\"field_3sys1_label\" class=\"frm_primary_label\">Mitteilungen an die Organisatoren\n        <span class=\"frm_required\" aria-hidden=\"true\"><\/span>\n    <\/label>\n    <input type=\"text\" id=\"field_3sys1\" name=\"item_meta[17]\" value=\"\"  data-invmsg=\"Text ist ung\u00fcltig\" aria-invalid=\"false\"  \/>\n    \n    \n<\/div>\n\t<input type=\"hidden\" name=\"item_key\" value=\"\" \/>\n\t\t\t<div id=\"frm_field_18_container\">\n\t\t\t<label for=\"field_t1p2y\" >\n\t\t\t\tFalls Du menschlich bist, lasse dieses Feld leer.\t\t\t<\/label>\n\t\t\t<input  id=\"field_t1p2y\" type=\"text\" class=\"frm_form_field form-field frm_verify\" name=\"item_meta[18]\" value=\"\"  \/>\n\t\t<\/div>\n\t\t<input name=\"frm_state\" type=\"hidden\" value=\"Kky7vnhBMVJvOzL11bim7MhiBkgh1zOJFik+jiW12dE=\" \/><div class=\"frm_submit\">\n\n<button class=\"frm_button_submit\" type=\"submit\"  >Senden<\/button>\n\n<\/div><\/div>\n<\/fieldset>\n<\/div>\n\n<\/form>\n<\/div>\n","protected":false},"excerpt":{"rendered":"<p>Die Familientag-Pauschale (Erwachsene 69\u20ac, Kinder 9-17 Jahre 39\u20ac, Kinder bis 8 Jahre kostenlos) beinhaltet SAMSTAG: F\u00fchrung\/Bootsfahrt, Imbiss am Morgen, Mittag, Nachmittagskaffee, Abendessen\/Buffet.<\/p>\n","protected":false},"author":1,"featured_media":0,"parent":0,"menu_order":0,"comment_status":"closed","ping_status":"closed","template":"page-templates\/full-width.php","meta":{"footnotes":""},"class_list":["post-1069","page","type-page","status-publish","hentry"],"_links":{"self":[{"href":"https:\/\/www.scriba-schreiber.de\/index.php?rest_route=\/wp\/v2\/pages\/1069","targetHints":{"allow":["GET"]}}],"collection":[{"href":"https:\/\/www.scriba-schreiber.de\/index.php?rest_route=\/wp\/v2\/pages"}],"about":[{"href":"https:\/\/www.scriba-schreiber.de\/index.php?rest_route=\/wp\/v2\/types\/page"}],"author":[{"embeddable":true,"href":"https:\/\/www.scriba-schreiber.de\/index.php?rest_route=\/wp\/v2\/users\/1"}],"replies":[{"embeddable":true,"href":"https:\/\/www.scriba-schreiber.de\/index.php?rest_route=%2Fwp%2Fv2%2Fcomments&post=1069"}],"version-history":[{"count":9,"href":"https:\/\/www.scriba-schreiber.de\/index.php?rest_route=\/wp\/v2\/pages\/1069\/revisions"}],"predecessor-version":[{"id":1146,"href":"https:\/\/www.scriba-schreiber.de\/index.php?rest_route=\/wp\/v2\/pages\/1069\/revisions\/1146"}],"wp:attachment":[{"href":"https:\/\/www.scriba-schreiber.de\/index.php?rest_route=%2Fwp%2Fv2%2Fmedia&parent=1069"}],"curies":[{"name":"wp","href":"https:\/\/api.w.org\/{rel}","templated":true}]}}