{"id":14,"date":"2013-03-07T22:54:51","date_gmt":"2013-03-07T20:54:51","guid":{"rendered":"http:\/\/localhost:8888\/wordpress\/?page_id=14"},"modified":"2013-05-16T16:00:40","modified_gmt":"2013-05-16T14:00:40","slug":"familientag-2012-darmstadt-8-9-september","status":"publish","type":"page","link":"https:\/\/www.scriba-schreiber.de\/?page_id=14","title":{"rendered":"Familientag 2012 Darmstadt"},"content":{"rendered":"<p><div id=\"attachment_29\" style=\"width: 176px\" class=\"wp-caption alignright\"><a href=\"http:\/\/scribaneu.jscriba.com\/wp-content\/uploads\/2013\/03\/stacks_image_122.jpg\"><img loading=\"lazy\" decoding=\"async\" aria-describedby=\"caption-attachment-29\" class=\"size-medium wp-image-20 \" alt=\"Otto Adolf Scriba, der inzwischen 98-j\u00e4hrige \u00dcber-Genealoge bekam zum Abschied aus der aktiven Ahnenforschung einen &quot;Scrib\u00e4ren&quot; \u00fcberreicht.\" src=\"http:\/\/scribaneu.jscriba.com\/wp-content\/uploads\/2013\/03\/stacks_image_122-166x300.jpg\" width=\"166\" height=\"300\" \/><\/a><p id=\"caption-attachment-29\" class=\"wp-caption-text\">Otto Adolf Scriba, der inzwischen 98-j\u00e4hrige \u00dcber-Genealoge bekam zum Abschied aus der aktiven Ahnenforschung einen &#8222;Scrib\u00e4ren&#8220; \u00fcberreicht.<\/p><\/div><\/p>\n<div id=\"attachment_26\" style=\"width: 310px\" class=\"wp-caption alignleft\"><a href=\"http:\/\/scribaneu.jscriba.com\/wp-content\/uploads\/2013\/03\/stacks_image_139.jpg\"><img loading=\"lazy\" decoding=\"async\" aria-describedby=\"caption-attachment-26\" class=\"size-medium wp-image-26  \" alt=\"Auf vielen Quadratmetern brachten aktuelle Stammb\u00e4ume \u00dcbersicht in die verwinkelten Verwandschaftsverh\u00e4ltnisse.\" src=\"http:\/\/scribaneu.jscriba.com\/wp-content\/uploads\/2013\/03\/stacks_image_139-300x199.jpg\" width=\"300\" height=\"199\" \/><\/a><p id=\"caption-attachment-26\" class=\"wp-caption-text\"><br \/>Auf vielen Quadratmetern brachten aktuelle Stammb\u00e4ume \u00dcbersicht in die verwinkelten Verwandschaftsverh\u00e4ltnisse.<\/p><\/div>\n<div id=\"attachment_29\" style=\"width: 310px\" class=\"wp-caption alignright\"><a href=\"http:\/\/scribaneu.jscriba.com\/wp-content\/uploads\/2013\/03\/stacks_image_153.jpg\"><img loading=\"lazy\" decoding=\"async\" aria-describedby=\"caption-attachment-29\" class=\"size-medium wp-image-29\" alt=\"Ein Ausflug in die Erdgeschichte.\" src=\"http:\/\/scribaneu.jscriba.com\/wp-content\/uploads\/2013\/03\/stacks_image_153-300x208.jpg\" width=\"300\" height=\"208\" \/><\/a><p id=\"caption-attachment-29\" class=\"wp-caption-text\">Ein Ausflug in die Erdgeschichte.<\/p><\/div>\n<div id=\"attachment_29\" style=\"width: 310px\" class=\"wp-caption alignleft\"><a href=\"http:\/\/scribaneu.jscriba.com\/wp-content\/uploads\/2013\/03\/fuehrung.jpg\"><img loading=\"lazy\" decoding=\"async\" aria-describedby=\"caption-attachment-29\" class=\"alignnone size-medium wp-image-65\" alt=\"fuehrung\" src=\"http:\/\/scribaneu.jscriba.com\/wp-content\/uploads\/2013\/03\/fuehrung-300x198.jpg\" width=\"300\" height=\"198\" \/><\/a><p id=\"caption-attachment-29\" class=\"wp-caption-text\">Weltber\u00fchmte Fossilien ganz nah.<\/p><\/div>\n<p>&nbsp;<\/p>\n<p>&nbsp;<\/p>\n<p>&nbsp;<\/p>\n<p>&nbsp;<\/p>","protected":false},"excerpt":{"rendered":"<p>&nbsp; &nbsp; &nbsp; &nbsp;<\/p>\n","protected":false},"author":1,"featured_media":0,"parent":0,"menu_order":0,"comment_status":"open","ping_status":"closed","template":"page-templates\/front-page.php","meta":{"footnotes":""},"class_list":["post-14","page","type-page","status-publish","hentry"],"_links":{"self":[{"href":"https:\/\/www.scriba-schreiber.de\/index.php?rest_route=\/wp\/v2\/pages\/14","targetHints":{"allow":["GET"]}}],"collection":[{"href":"https:\/\/www.scriba-schreiber.de\/index.php?rest_route=\/wp\/v2\/pages"}],"about":[{"href":"https:\/\/www.scriba-schreiber.de\/index.php?rest_route=\/wp\/v2\/types\/page"}],"author":[{"embeddable":true,"href":"https:\/\/www.scriba-schreiber.de\/index.php?rest_route=\/wp\/v2\/users\/1"}],"replies":[{"embeddable":true,"href":"https:\/\/www.scriba-schreiber.de\/index.php?rest_route=%2Fwp%2Fv2%2Fcomments&post=14"}],"version-history":[{"count":7,"href":"https:\/\/www.scriba-schreiber.de\/index.php?rest_route=\/wp\/v2\/pages\/14\/revisions"}],"predecessor-version":[{"id":246,"href":"https:\/\/www.scriba-schreiber.de\/index.php?rest_route=\/wp\/v2\/pages\/14\/revisions\/246"}],"wp:attachment":[{"href":"https:\/\/www.scriba-schreiber.de\/index.php?rest_route=%2Fwp%2Fv2%2Fmedia&parent=14"}],"curies":[{"name":"wp","href":"https:\/\/api.w.org\/{rel}","templated":true}]}}