{"id":32,"date":"2013-03-07T22:21:24","date_gmt":"2013-03-07T21:21:24","guid":{"rendered":"http:\/\/localhost:8888\/wordpress\/?page_id=32"},"modified":"2024-07-15T20:50:51","modified_gmt":"2024-07-15T18:50:51","slug":"impressum","status":"publish","type":"page","link":"https:\/\/www.scriba-schreiber.de\/?page_id=32","title":{"rendered":"Impressum"},"content":{"rendered":"<p><\/p>\n<p>Gemeinn\u00fctziger Verein eingetr. im Vereinsregister beim Amtsgericht Darmstadt [Nr. 84142]<\/p>\n<p>1. Vorsitzender:<br \/>\nDr. J\u00fcrgen Scriba<\/p>\n<p>2. Vorsitzender:<br \/>\nArnulf Scriba<\/p>\n<p>Finanzen:<br \/>\nMatthias Scriba<\/p>\n<p>Kontakt:<br \/>\nKarin Scriba<br \/>\nGesch\u00e4ftsf\u00fchrerin, Genealogie<br \/>\nPlattenweg 9<br \/>\n64823 Gro\u00df-Umstadt<\/p>\n<p>e-mail: info@scriba-schreiber.de<\/p>\n<p>Tel.: +49 (0)6078-912 326<br \/>\nFax: +49 (0)6078-912 327<\/p>\n<p>Kontoverbindung f\u00fcr Spenden:<br \/>\nVolksbank Worms-Alzey<br \/>\nIBAN: DE20 5509 1200 0077 6655 44<br \/>\nBIC: GENODE61AZY<\/p>\n<p><\/p>","protected":false},"excerpt":{"rendered":"<p>Gemeinn\u00fctziger Verein eingetr. im Vereinsregister beim Amtsgericht Darmstadt [Nr. 84142] 1. Vorsitzender: Dr. J\u00fcrgen Scriba 2. Vorsitzender: Arnulf Scriba Finanzen: Matthias Scriba Kontakt: Karin Scriba Gesch\u00e4ftsf\u00fchrerin, Genealogie Plattenweg 9 64823 Gro\u00df-Umstadt e-mail: info@scriba-schreiber.de Tel.: +49 (0)6078-912 326 Fax: +49 (0)6078-912 327 Kontoverbindung f\u00fcr Spenden: Volksbank Worms-Alzey IBAN: DE20 5509 1200 0077 6655 44 BIC: GENODE61AZY<\/p>\n","protected":false},"author":1,"featured_media":0,"parent":0,"menu_order":0,"comment_status":"open","ping_status":"closed","template":"page-templates\/front-page.php","meta":{"footnotes":""},"class_list":["post-32","page","type-page","status-publish","hentry"],"_links":{"self":[{"href":"https:\/\/www.scriba-schreiber.de\/index.php?rest_route=\/wp\/v2\/pages\/32","targetHints":{"allow":["GET"]}}],"collection":[{"href":"https:\/\/www.scriba-schreiber.de\/index.php?rest_route=\/wp\/v2\/pages"}],"about":[{"href":"https:\/\/www.scriba-schreiber.de\/index.php?rest_route=\/wp\/v2\/types\/page"}],"author":[{"embeddable":true,"href":"https:\/\/www.scriba-schreiber.de\/index.php?rest_route=\/wp\/v2\/users\/1"}],"replies":[{"embeddable":true,"href":"https:\/\/www.scriba-schreiber.de\/index.php?rest_route=%2Fwp%2Fv2%2Fcomments&post=32"}],"version-history":[{"count":17,"href":"https:\/\/www.scriba-schreiber.de\/index.php?rest_route=\/wp\/v2\/pages\/32\/revisions"}],"predecessor-version":[{"id":1156,"href":"https:\/\/www.scriba-schreiber.de\/index.php?rest_route=\/wp\/v2\/pages\/32\/revisions\/1156"}],"wp:attachment":[{"href":"https:\/\/www.scriba-schreiber.de\/index.php?rest_route=%2Fwp%2Fv2%2Fmedia&parent=32"}],"curies":[{"name":"wp","href":"https:\/\/api.w.org\/{rel}","templated":true}]}}