{"id":325,"date":"2013-07-23T13:59:39","date_gmt":"2013-07-23T11:59:39","guid":{"rendered":"http:\/\/scribaneu.jscriba.com\/?page_id=325"},"modified":"2022-11-14T21:19:00","modified_gmt":"2022-11-14T19:19:00","slug":"familienblatt","status":"publish","type":"page","link":"https:\/\/www.scriba-schreiber.de\/?page_id=325","title":{"rendered":"Familienblatt"},"content":{"rendered":"<p>Im Januar 1900 ver\u00f6ffentlichte Pfarrer Scriba aus Gie\u00dfen das erste der &#8222;Familiengeschichtlichen Bl\u00e4tter&#8220; der Familie Scriba, um der umfangreichen Verwandtschaft, wie auch folgenden Generationen, einen \u00dcberblick \u00fcber den Stand der Familie zu geben.<\/p>\n<div>Auch Nachrichten \u00fcber Geburten, Hochzeiten und Todesf\u00e4lle, sowie anderweitige interessante Neuigkeiten innerhalb der Familie, konnten so ver\u00f6ffentlicht werden.<\/div>\n<div>Seit \u00fcber hundert Jahren haben die Mitglieder des Familienbundes so nun die M\u00f6glichkeit, sich auf dem Laufenden zu halten. Inzwischen gibt es auch einen englischsprachigen Abschnitt.<\/div>\n<div><\/div>\n<div>Einige der historischen Familienbl\u00e4tter stellen wir hier dem geneigten Leser zum Download bereit.<\/div>\n<div><\/div>\n<div><\/div>\n<table>\n<tbody>\n<tr>\n<td>\n<h3>Jahrgang 1900<\/h3>\n<\/td>\n<\/tr>\n<tr>\n<td align=\"center\"><a href=\"https:\/\/www.scriba-schreiber.de\/wp-content\/uploads\/2013\/08\/FB1-1.jpg\"><img loading=\"lazy\" decoding=\"async\" class=\"aligncenter wp-image-327 size-thumbnail\" src=\"https:\/\/www.scriba-schreiber.de\/wp-content\/uploads\/2013\/07\/Seite-1-150x150.jpg\" alt=\"Seite 1\" width=\"150\" height=\"150\" \/><\/a><\/td>\n<td align=\"center\"><a href=\"https:\/\/www.scriba-schreiber.de\/wp-content\/uploads\/2013\/08\/FB2.pdf\"><img loading=\"lazy\" decoding=\"async\" class=\"aligncenter wp-image-367 size-thumbnail\" src=\"https:\/\/www.scriba-schreiber.de\/wp-content\/uploads\/2013\/08\/FB2-1-150x150.jpg\" alt=\"\" width=\"150\" height=\"150\" \/><\/a><\/td>\n<td align=\"center\"><a href=\"https:\/\/www.scriba-schreiber.de\/wp-content\/uploads\/2013\/08\/FB3.pdf\"><img loading=\"lazy\" decoding=\"async\" class=\"aligncenter wp-image-368 size-thumbnail\" src=\"https:\/\/www.scriba-schreiber.de\/wp-content\/uploads\/2013\/08\/FB3-1-150x150.jpg\" alt=\"\" width=\"150\" height=\"150\" \/><\/a><\/td>\n<td align=\"center\"><a href=\"https:\/\/www.scriba-schreiber.de\/wp-content\/uploads\/2013\/08\/FB4.pdf\"><img loading=\"lazy\" decoding=\"async\" class=\"aligncenter wp-image-369 size-thumbnail\" src=\"https:\/\/www.scriba-schreiber.de\/wp-content\/uploads\/2013\/08\/FB4-1-150x150.jpg\" alt=\"\" width=\"150\" height=\"150\" \/><\/a><\/td>\n<\/tr>\n<tr>\n<td style=\"text-align: center;\" align=\"center\">Januar 1900<\/td>\n<td style=\"text-align: center;\" align=\"center\">M\u00e4rz 1900<\/td>\n<td style=\"text-align: center;\" align=\"center\">Mai 1900<\/td>\n<td style=\"text-align: center;\" align=\"center\">August 1900<\/td>\n<\/tr>\n<tr>\n<td align=\"center\"><a href=\"https:\/\/www.scriba-schreiber.de\/wp-content\/uploads\/2013\/08\/FB5.pdf\"><img loading=\"lazy\" decoding=\"async\" class=\"aligncenter wp-image-374 size-thumbnail\" src=\"https:\/\/www.scriba-schreiber.de\/wp-content\/uploads\/2013\/08\/FB5-1-150x150.jpg\" alt=\"\" width=\"150\" height=\"150\" \/><\/a><\/td>\n<td align=\"center\"><a href=\"https:\/\/www.scriba-schreiber.de\/wp-content\/uploads\/2013\/08\/FB6.pdf\"><img loading=\"lazy\" decoding=\"async\" class=\"aligncenter wp-image-375 size-thumbnail\" src=\"https:\/\/www.scriba-schreiber.de\/wp-content\/uploads\/2013\/08\/FB6-1-150x150.jpg\" alt=\"\" width=\"150\" height=\"150\" \/><\/a><\/td>\n<td><\/td>\n<td><\/td>\n<\/tr>\n<tr>\n<td style=\"text-align: center;\" align=\"center\">Oktober 1900<\/td>\n<td style=\"text-align: center;\" align=\"center\">Dezember 1900<\/td>\n<td><\/td>\n<td><\/td>\n<\/tr>\n<\/tbody>\n<\/table>\n<p><\/p>","protected":false},"excerpt":{"rendered":"<p>Im Januar 1900 ver\u00f6ffentlichte Pfarrer Scriba aus Gie\u00dfen das erste der &#8222;Familiengeschichtlichen Bl\u00e4tter&#8220; der Familie Scriba, um der umfangreichen Verwandtschaft, wie auch folgenden Generationen, einen \u00dcberblick \u00fcber den Stand der Familie zu geben. Auch Nachrichten \u00fcber Geburten, Hochzeiten und Todesf\u00e4lle, sowie anderweitige interessante Neuigkeiten innerhalb der Familie, konnten so ver\u00f6ffentlicht werden. Seit \u00fcber hundert Jahren [&hellip;]<\/p>\n","protected":false},"author":1,"featured_media":0,"parent":0,"menu_order":0,"comment_status":"open","ping_status":"closed","template":"page-templates\/front-page.php","meta":{"footnotes":""},"class_list":["post-325","page","type-page","status-publish","hentry"],"_links":{"self":[{"href":"https:\/\/www.scriba-schreiber.de\/index.php?rest_route=\/wp\/v2\/pages\/325","targetHints":{"allow":["GET"]}}],"collection":[{"href":"https:\/\/www.scriba-schreiber.de\/index.php?rest_route=\/wp\/v2\/pages"}],"about":[{"href":"https:\/\/www.scriba-schreiber.de\/index.php?rest_route=\/wp\/v2\/types\/page"}],"author":[{"embeddable":true,"href":"https:\/\/www.scriba-schreiber.de\/index.php?rest_route=\/wp\/v2\/users\/1"}],"replies":[{"embeddable":true,"href":"https:\/\/www.scriba-schreiber.de\/index.php?rest_route=%2Fwp%2Fv2%2Fcomments&post=325"}],"version-history":[{"count":51,"href":"https:\/\/www.scriba-schreiber.de\/index.php?rest_route=\/wp\/v2\/pages\/325\/revisions"}],"predecessor-version":[{"id":1130,"href":"https:\/\/www.scriba-schreiber.de\/index.php?rest_route=\/wp\/v2\/pages\/325\/revisions\/1130"}],"wp:attachment":[{"href":"https:\/\/www.scriba-schreiber.de\/index.php?rest_route=%2Fwp%2Fv2%2Fmedia&parent=325"}],"curies":[{"name":"wp","href":"https:\/\/api.w.org\/{rel}","templated":true}]}}