{"id":342,"date":"2013-08-15T13:32:54","date_gmt":"2013-08-15T11:32:54","guid":{"rendered":"http:\/\/scribaneu.jscriba.com\/?page_id=342"},"modified":"2014-03-05T17:14:05","modified_gmt":"2014-03-05T15:14:05","slug":"events","status":"publish","type":"page","link":"https:\/\/www.scriba-schreiber.de\/?page_id=342","title":{"rendered":"Familientage"},"content":{"rendered":"<p>Die regelm\u00e4\u00dfig alle drei Jahre stattfindenden Familientage sind nicht nur jedes mal eine sch\u00f6ne Gelegenheit um weit entfernt wohnende Familienangeh\u00f6rige wieder zu sehen und ebenso neue Bekanntschaften zu machen, auch wird in einem interessanten Rahmenprogramm die M\u00f6glichkeit geboten, die jeweilige Stadt, in welcher der Familientag stattfindet, und deren Sehensw\u00fcrdigkeiten zu besichtigen.<\/p>\n<p>Ein fester Bestandteil eines jeden Familientages ist auch die Mitglieder-Vollversammlung, in der unter anderem \u00fcber wichtige Entscheidungen abgestimmt wird.<\/p>\n<p>Das traditionelle Ende eines Familientages ist ein gemeinsam begangener Gottesdienst.<\/p>","protected":false},"excerpt":{"rendered":"<p>Die regelm\u00e4\u00dfig alle drei Jahre stattfindenden Familientage sind nicht nur jedes mal eine sch\u00f6ne Gelegenheit um weit entfernt wohnende Familienangeh\u00f6rige wieder zu sehen und ebenso neue Bekanntschaften zu machen, auch wird in einem interessanten Rahmenprogramm die M\u00f6glichkeit geboten, die jeweilige Stadt, in welcher der Familientag stattfindet, und deren Sehensw\u00fcrdigkeiten zu besichtigen. Ein fester Bestandteil eines [&hellip;]<\/p>\n","protected":false},"author":1,"featured_media":0,"parent":0,"menu_order":0,"comment_status":"open","ping_status":"closed","template":"page-templates\/front-page.php","meta":{"footnotes":""},"class_list":["post-342","page","type-page","status-publish","hentry"],"_links":{"self":[{"href":"https:\/\/www.scriba-schreiber.de\/index.php?rest_route=\/wp\/v2\/pages\/342","targetHints":{"allow":["GET"]}}],"collection":[{"href":"https:\/\/www.scriba-schreiber.de\/index.php?rest_route=\/wp\/v2\/pages"}],"about":[{"href":"https:\/\/www.scriba-schreiber.de\/index.php?rest_route=\/wp\/v2\/types\/page"}],"author":[{"embeddable":true,"href":"https:\/\/www.scriba-schreiber.de\/index.php?rest_route=\/wp\/v2\/users\/1"}],"replies":[{"embeddable":true,"href":"https:\/\/www.scriba-schreiber.de\/index.php?rest_route=%2Fwp%2Fv2%2Fcomments&post=342"}],"version-history":[{"count":4,"href":"https:\/\/www.scriba-schreiber.de\/index.php?rest_route=\/wp\/v2\/pages\/342\/revisions"}],"predecessor-version":[{"id":457,"href":"https:\/\/www.scriba-schreiber.de\/index.php?rest_route=\/wp\/v2\/pages\/342\/revisions\/457"}],"wp:attachment":[{"href":"https:\/\/www.scriba-schreiber.de\/index.php?rest_route=%2Fwp%2Fv2%2Fmedia&parent=342"}],"curies":[{"name":"wp","href":"https:\/\/api.w.org\/{rel}","templated":true}]}}