{"id":346,"date":"2013-08-15T13:40:29","date_gmt":"2013-08-15T11:40:29","guid":{"rendered":"http:\/\/scribaneu.jscriba.com\/?page_id=346"},"modified":"2014-12-15T17:42:37","modified_gmt":"2014-12-15T15:42:37","slug":"genealogie","status":"publish","type":"page","link":"https:\/\/www.scriba-schreiber.de\/?page_id=346","title":{"rendered":"Genealogie"},"content":{"rendered":"<p>Die Familie Scriba \/ Schreiber verf\u00fcgt \u00fcber eine der am besten dokumentierten Genealogien einer b\u00fcrgerlichen Familie in Europa.<\/p>\n<p>Sie reicht zur\u00fcck bis ins fr\u00fche 16. Jahrhundert. Dies ist schon deshalb eine Besonderheit, da familiengeschichtliche Forschungen oftmals lediglich bis zur Zeit des Drei\u00dfigj\u00e4hrigen Krieges zur\u00fcckreichen k\u00f6nnen, da zu dieser Zeit allzu oft auch Personenstandsunterlagen vollst\u00e4ndig vernichtet wurden.<\/p>\n<p>Verfasser der Genealogisch-Biographischen \u00dcbersicht der Familie Scriba von 1819 bzw. der Neubearbeitung von 1824 war der Pfarrer und Historiker Dr. phil. hc. Eduard Scriba (D 10.018.027) \u00a0 (* 8.10.1802 in Darmstadt, \u2020 3.12.1857 zu Nieder-Beerbach). Er nutzte hierf\u00fcr die\u00a0 von J. A. T. L. Varnhagen abgeschriebenen\u00a0 \u201eZuverl\u00e4ssigen Nachrichten der Familie Scriba\u201c von den 1. Handschriftlichen Aufzeichnungen von Hermann Scriba (07.004.004) aus dem Jahre 1750 \/ 1751.<\/p>\n<p style=\"text-align: center;\"><a href=\"https:\/\/www.scriba-schreiber.de\/wp-content\/uploads\/2014\/01\/titelblatt.jpg\"><img loading=\"lazy\" decoding=\"async\" class=\"size-medium wp-image-517\" alt=\"titelblatt\" src=\"https:\/\/www.scriba-schreiber.de\/wp-content\/uploads\/2014\/01\/titelblatt-240x300.jpg\" width=\"240\" height=\"300\" srcset=\"https:\/\/www.scriba-schreiber.de\/wp-content\/uploads\/2014\/01\/titelblatt-240x300.jpg 240w, https:\/\/www.scriba-schreiber.de\/wp-content\/uploads\/2014\/01\/titelblatt.jpg 353w\" sizes=\"auto, (max-width: 240px) 100vw, 240px\" \/><a href=\"https:\/\/www.scriba-schreiber.de\/wp-content\/uploads\/2014\/01\/vorwort.jpg\"><img loading=\"lazy\" decoding=\"async\" class=\"size-medium wp-image-516\" alt=\"vorwort\" src=\"https:\/\/www.scriba-schreiber.de\/wp-content\/uploads\/2014\/01\/vorwort-230x300.jpg\" width=\"230\" height=\"300\" srcset=\"https:\/\/www.scriba-schreiber.de\/wp-content\/uploads\/2014\/01\/vorwort-230x300.jpg 230w, https:\/\/www.scriba-schreiber.de\/wp-content\/uploads\/2014\/01\/vorwort.jpg 340w\" sizes=\"auto, (max-width: 230px) 100vw, 230px\" \/><\/a><\/a><\/p>\n<p style=\"text-align: center;\">Erfa\u00dft waren in dieser Genealogie alle bis dahin bekannten Scribas, beginnend mit unserem Ahnherrn Konrad Schreiber aus Medebach. Dessen Sohn Heinrich nannte sich, gem\u00e4\u00df der Mode unter studierten Leuten jener Zeit, nach der latinisierten Form seines Nachnamens \u201eScriba\u201c. Dieser damals evangelische Zweig der Familie behielt diesen Namen bis heute bei, wohingegen\u00a0 der urspr\u00fcnglich katholische Zweig weiterhin \u201eSchreiber\u201c hei\u00dft.<\/p>\n<p>Die Genealogie wurde, ebenso wie die Genealogien und Nachtr\u00e4ge aus den sp\u00e4teren Jahren (1884, 1910, 1955 und 1982) in gedruckter Form\u00a0 an die Familienmitglieder verkauft.<\/p>\n<p>Inzwischen verbindet sie \u00fcber 14000 Familienmitglieder, von denen \u00fcber 6000 heute leben.<\/p>\n<p>Wir sind stets bem\u00fcht, diese Daten aktuell zu halten, und Licht in ungekl\u00e4rte Abstammungsverh\u00e4ltnisse zu bringen.<\/p>\n<p>&nbsp;<\/p>","protected":false},"excerpt":{"rendered":"<p>Die Familie Scriba \/ Schreiber verf\u00fcgt \u00fcber eine der am besten dokumentierten Genealogien einer b\u00fcrgerlichen Familie in Europa. Sie reicht zur\u00fcck bis ins fr\u00fche 16. Jahrhundert. Dies ist schon deshalb eine Besonderheit, da familiengeschichtliche Forschungen oftmals lediglich bis zur Zeit des Drei\u00dfigj\u00e4hrigen Krieges zur\u00fcckreichen k\u00f6nnen, da zu dieser Zeit allzu oft auch Personenstandsunterlagen vollst\u00e4ndig vernichtet [&hellip;]<\/p>\n","protected":false},"author":1,"featured_media":0,"parent":0,"menu_order":0,"comment_status":"open","ping_status":"closed","template":"page-templates\/front-page.php","meta":{"footnotes":""},"class_list":["post-346","page","type-page","status-publish","hentry"],"_links":{"self":[{"href":"https:\/\/www.scriba-schreiber.de\/index.php?rest_route=\/wp\/v2\/pages\/346","targetHints":{"allow":["GET"]}}],"collection":[{"href":"https:\/\/www.scriba-schreiber.de\/index.php?rest_route=\/wp\/v2\/pages"}],"about":[{"href":"https:\/\/www.scriba-schreiber.de\/index.php?rest_route=\/wp\/v2\/types\/page"}],"author":[{"embeddable":true,"href":"https:\/\/www.scriba-schreiber.de\/index.php?rest_route=\/wp\/v2\/users\/1"}],"replies":[{"embeddable":true,"href":"https:\/\/www.scriba-schreiber.de\/index.php?rest_route=%2Fwp%2Fv2%2Fcomments&post=346"}],"version-history":[{"count":7,"href":"https:\/\/www.scriba-schreiber.de\/index.php?rest_route=\/wp\/v2\/pages\/346\/revisions"}],"predecessor-version":[{"id":453,"href":"https:\/\/www.scriba-schreiber.de\/index.php?rest_route=\/wp\/v2\/pages\/346\/revisions\/453"}],"wp:attachment":[{"href":"https:\/\/www.scriba-schreiber.de\/index.php?rest_route=%2Fwp%2Fv2%2Fmedia&parent=346"}],"curies":[{"name":"wp","href":"https:\/\/api.w.org\/{rel}","templated":true}]}}