{"id":448,"date":"2014-01-20T08:22:43","date_gmt":"2014-01-20T06:22:43","guid":{"rendered":"http:\/\/www.scriba-schreiber.de\/?page_id=448"},"modified":"2014-12-15T17:38:37","modified_gmt":"2014-12-15T15:38:37","slug":"familienbund","status":"publish","type":"page","link":"https:\/\/www.scriba-schreiber.de\/?page_id=448","title":{"rendered":"Historie"},"content":{"rendered":"<p>Die Gr\u00fcndung des Familienbunds Scriba \/ Schreiber geht zur\u00fcck auf das Jahr 1881.<\/p>\n<p>Am 24. April diesen Jahres fand in Frankfurt am Main der erste Familientag statt, auf welchem auch der erste Familienausschu\u00df gew\u00e4hlt wurde.<\/p>\n<p>Dieser setzte sich wie folgt zusammen:<\/p>\n<ul>\n<li>Pfarrer Hermann Scriba aus Alsbach<\/li>\n<li>Major a.D. Moritz Scriba aus Darmstadt<\/li>\n<li>Landgerichtsrat Gustav Scriba aus Darmstadt<\/li>\n<li>Amtsrichter Dr. Friedrich Wilhelm M\u00f6bius aus Gr\u00fcnberg<\/li>\n<\/ul>\n<p><a href=\"https:\/\/www.scriba-schreiber.de\/wp-content\/uploads\/2014\/01\/Aufnahmebest\u00e4tigung.jpg\"><img loading=\"lazy\" decoding=\"async\" class=\"aligncenter size-medium wp-image-519\" alt=\"Aufnahmebest\u00e4tigung\" src=\"https:\/\/www.scriba-schreiber.de\/wp-content\/uploads\/2014\/01\/Aufnahmebest\u00e4tigung-300x223.jpg\" width=\"300\" height=\"223\" srcset=\"https:\/\/www.scriba-schreiber.de\/wp-content\/uploads\/2014\/01\/Aufnahmebest\u00e4tigung-300x223.jpg 300w, https:\/\/www.scriba-schreiber.de\/wp-content\/uploads\/2014\/01\/Aufnahmebest\u00e4tigung-1024x764.jpg 1024w, https:\/\/www.scriba-schreiber.de\/wp-content\/uploads\/2014\/01\/Aufnahmebest\u00e4tigung-624x465.jpg 624w, https:\/\/www.scriba-schreiber.de\/wp-content\/uploads\/2014\/01\/Aufnahmebest\u00e4tigung.jpg 1211w\" sizes=\"auto, (max-width: 300px) 100vw, 300px\" \/><\/a><\/p>\n<p>Aufgabe des Bundes sollte die organisierte Fortf\u00fchrung der Genealogie von 1824 sein. Ferner wurde geplant, durch die Ansammlung von Kapital, Zinsertr\u00e4ge zu erwirtschaften, mithilfe derer weniger gut situierte Familienangeh\u00f6rige unterst\u00fctzt werden sollten.<\/p>\n<p>Insbesondere umfa\u00dfte diese Unterst\u00fctzung:<\/p>\n<ul>\n<li>Stipendien f\u00fcr wissenschaftliche Ausbildung<\/li>\n<li>Beitr\u00e4ge zur Erziehung und Ausbildung von Kindern<\/li>\n<li>Unterst\u00fctzung von Witwen und Waisen<\/li>\n<li>Zusch\u00fcsse zur Ausstattung von Brautleuten.<\/li>\n<\/ul>\n<p>Auch heute noch liegt das Hauptaugenmerk des Familienbundes auf der Fortf\u00fchrung der Genealogie, welche inzwischen weit \u00fcber 14000 Familienangeh\u00f6rige in allen Erdteilen umfa\u00dft. Ebenso soll aber auch die, durch die gemeinsame Abstammung begr\u00fcndete, Familienzusammengeh\u00f6rigkeit gepflegt werden.<\/p>","protected":false},"excerpt":{"rendered":"<p>Die Gr\u00fcndung des Familienbunds Scriba \/ Schreiber geht zur\u00fcck auf das Jahr 1881. Am 24. April diesen Jahres fand in Frankfurt am Main der erste Familientag statt, auf welchem auch der erste Familienausschu\u00df gew\u00e4hlt wurde. Dieser setzte sich wie folgt zusammen: Pfarrer Hermann Scriba aus Alsbach Major a.D. Moritz Scriba aus Darmstadt Landgerichtsrat Gustav Scriba [&hellip;]<\/p>\n","protected":false},"author":1,"featured_media":0,"parent":0,"menu_order":0,"comment_status":"open","ping_status":"closed","template":"page-templates\/front-page.php","meta":{"footnotes":""},"class_list":["post-448","page","type-page","status-publish","hentry"],"_links":{"self":[{"href":"https:\/\/www.scriba-schreiber.de\/index.php?rest_route=\/wp\/v2\/pages\/448","targetHints":{"allow":["GET"]}}],"collection":[{"href":"https:\/\/www.scriba-schreiber.de\/index.php?rest_route=\/wp\/v2\/pages"}],"about":[{"href":"https:\/\/www.scriba-schreiber.de\/index.php?rest_route=\/wp\/v2\/types\/page"}],"author":[{"embeddable":true,"href":"https:\/\/www.scriba-schreiber.de\/index.php?rest_route=\/wp\/v2\/users\/1"}],"replies":[{"embeddable":true,"href":"https:\/\/www.scriba-schreiber.de\/index.php?rest_route=%2Fwp%2Fv2%2Fcomments&post=448"}],"version-history":[{"count":3,"href":"https:\/\/www.scriba-schreiber.de\/index.php?rest_route=\/wp\/v2\/pages\/448\/revisions"}],"predecessor-version":[{"id":520,"href":"https:\/\/www.scriba-schreiber.de\/index.php?rest_route=\/wp\/v2\/pages\/448\/revisions\/520"}],"wp:attachment":[{"href":"https:\/\/www.scriba-schreiber.de\/index.php?rest_route=%2Fwp%2Fv2%2Fmedia&parent=448"}],"curies":[{"name":"wp","href":"https:\/\/api.w.org\/{rel}","templated":true}]}}